{"id":111472,"date":"2026-03-14T14:56:13","date_gmt":"2026-03-14T14:56:13","guid":{"rendered":"https:\/\/boekster.nl\/?page_id=111472"},"modified":"2026-04-17T08:38:59","modified_gmt":"2026-04-17T08:38:59","slug":"accommodation","status":"publish","type":"page","link":"https:\/\/boekster.nl\/pt-pt\/dashboard\/accommodation\/","title":{"rendered":"Accommodation"},"content":{"rendered":"\t\t<div data-elementor-type=\"wp-page\" data-elementor-id=\"111472\" class=\"elementor elementor-111472\" data-elementor-post-type=\"page\">\n\t\t\t\t<div class=\"elementor-element elementor-element-ac8dbe8 jedv-enabled--yes e-con-full e-flex e-con e-parent\" data-id=\"ac8dbe8\" data-element_type=\"container\" data-e-type=\"container\" data-settings=\"{&quot;background_background&quot;:&quot;classic&quot;}\">\n\t\t\t\t<div class=\"elementor-element elementor-element-46b283d elementor-widget-mobile__width-inherit elementor-widget elementor-widget-heading\" data-id=\"46b283d\" data-element_type=\"widget\" data-e-type=\"widget\" data-widget_type=\"heading.default\">\n\t\t\t\t\t<h2 class=\"elementor-heading-title elementor-size-default\">Voc\u00ea n\u00e3o est\u00e1 ligado!<\/h2>\t\t\t\t<\/div>\n\t\t<div class=\"elementor-element elementor-element-30f0fbb e-con-full e-flex e-con e-child\" data-id=\"30f0fbb\" data-element_type=\"container\" data-e-type=\"container\">\n\t\t\t\t<div class=\"elementor-element elementor-element-8eed3ba elementor-widget__width-auto elementor-widget-mobile__width-auto elementor-widget elementor-widget-button\" data-id=\"8eed3ba\" data-element_type=\"widget\" data-e-type=\"widget\" data-widget_type=\"button.default\">\n\t\t\t\t\t\t\t\t\t\t<a class=\"elementor-button elementor-button-link elementor-size-sm\" href=\"\/\">\n\t\t\t\t\t\t<span class=\"elementor-button-content-wrapper\">\n\t\t\t\t\t\t\t\t\t<span class=\"elementor-button-text\">P\u00e1gina inicial<\/span>\n\t\t\t\t\t<\/span>\n\t\t\t\t\t<\/a>\n\t\t\t\t\t\t\t\t<\/div>\n\t\t\t\t<div class=\"elementor-element elementor-element-99ed624 elementor-widget-mobile__width-auto elementor-widget elementor-widget-button\" data-id=\"99ed624\" data-element_type=\"widget\" data-e-type=\"widget\" data-widget_type=\"button.default\">\n\t\t\t\t\t\t\t\t\t\t<a class=\"elementor-button elementor-button-link elementor-size-sm\" href=\"\/dashboard\/login\/\">\n\t\t\t\t\t\t<span class=\"elementor-button-content-wrapper\">\n\t\t\t\t\t\t\t\t\t<span class=\"elementor-button-text\">Conecte-se<\/span>\n\t\t\t\t\t<\/span>\n\t\t\t\t\t<\/a>\n\t\t\t\t\t\t\t\t<\/div>\n\t\t\t\t<\/div>\n\t\t\t\t<\/div>\n\t\t\t\t<\/div>\n\t\t","protected":false},"excerpt":{"rendered":"<p>1 . Villa Self catered DESC EN &#8211; Lorem ipsum dolor sit amet, consectetur adipiscing elit. Cras tempor velit vel mollis vest&#8230; 2 . Villa Self catered DESC EN &#8211; Lorem ipsum dolor sit amet, consectetur adipiscing elit. Cras tempor velit vel mollis vest&#8230; Markouli &#8211; John Doe +31 123456789 +31 987654321 buffaloleathergr@hotmail.com Greece<\/p>\n","protected":false},"author":1,"featured_media":0,"parent":10712,"menu_order":0,"comment_status":"closed","ping_status":"closed","template":"elementor_header_footer","meta":{"_jf_save_progress":"","_jet_sm_ready_style":"","_jet_sm_style":"","_jet_sm_controls_values":"","_jet_sm_fonts_collection":"","_jet_sm_fonts_links":"","footnotes":""},"class_list":["post-111472","page","type-page","status-publish","hentry"],"_links":{"self":[{"href":"https:\/\/boekster.nl\/pt-pt\/wp-json\/wp\/v2\/pages\/111472","targetHints":{"allow":["GET"]}}],"collection":[{"href":"https:\/\/boekster.nl\/pt-pt\/wp-json\/wp\/v2\/pages"}],"about":[{"href":"https:\/\/boekster.nl\/pt-pt\/wp-json\/wp\/v2\/types\/page"}],"author":[{"embeddable":true,"href":"https:\/\/boekster.nl\/pt-pt\/wp-json\/wp\/v2\/users\/1"}],"replies":[{"embeddable":true,"href":"https:\/\/boekster.nl\/pt-pt\/wp-json\/wp\/v2\/comments?post=111472"}],"version-history":[{"count":0,"href":"https:\/\/boekster.nl\/pt-pt\/wp-json\/wp\/v2\/pages\/111472\/revisions"}],"up":[{"embeddable":true,"href":"https:\/\/boekster.nl\/pt-pt\/wp-json\/wp\/v2\/pages\/10712"}],"wp:attachment":[{"href":"https:\/\/boekster.nl\/pt-pt\/wp-json\/wp\/v2\/media?parent=111472"}],"curies":[{"name":"wp","href":"https:\/\/api.w.org\/{rel}","templated":true}]}}