{"id":120374,"date":"2026-03-29T20:39:28","date_gmt":"2026-03-29T20:39:28","guid":{"rendered":"https:\/\/boekster.nl\/?page_id=120374"},"modified":"2026-04-15T19:30:59","modified_gmt":"2026-04-15T19:30:59","slug":"highlights","status":"publish","type":"page","link":"https:\/\/boekster.nl\/pt-pt\/dashboard\/highlights\/","title":{"rendered":"Highlights"},"content":{"rendered":"\t\t<div data-elementor-type=\"wp-page\" data-elementor-id=\"120374\" class=\"elementor elementor-120374\" data-elementor-post-type=\"page\">\n\t\t\t\t<div class=\"elementor-element elementor-element-a45db83 jedv-enabled--yes e-con-full e-flex e-con e-parent\" data-id=\"a45db83\" data-element_type=\"container\" data-e-type=\"container\" data-settings=\"{&quot;background_background&quot;:&quot;classic&quot;}\">\n\t\t\t\t<div class=\"elementor-element elementor-element-5c19c7f elementor-widget-mobile__width-inherit elementor-widget elementor-widget-heading\" data-id=\"5c19c7f\" data-element_type=\"widget\" data-e-type=\"widget\" data-widget_type=\"heading.default\">\n\t\t\t\t\t<h2 class=\"elementor-heading-title elementor-size-default\">Voc\u00ea n\u00e3o est\u00e1 ligado!<\/h2>\t\t\t\t<\/div>\n\t\t<div class=\"elementor-element elementor-element-b8fad66 e-con-full e-flex e-con e-child\" data-id=\"b8fad66\" data-element_type=\"container\" data-e-type=\"container\">\n\t\t\t\t<div class=\"elementor-element elementor-element-dc338f3 elementor-widget__width-auto elementor-widget-mobile__width-auto elementor-widget elementor-widget-button\" data-id=\"dc338f3\" data-element_type=\"widget\" data-e-type=\"widget\" data-widget_type=\"button.default\">\n\t\t\t\t\t\t\t\t\t\t<a class=\"elementor-button elementor-button-link elementor-size-sm\" href=\"\/\">\n\t\t\t\t\t\t<span class=\"elementor-button-content-wrapper\">\n\t\t\t\t\t\t\t\t\t<span class=\"elementor-button-text\">P\u00e1gina inicial<\/span>\n\t\t\t\t\t<\/span>\n\t\t\t\t\t<\/a>\n\t\t\t\t\t\t\t\t<\/div>\n\t\t\t\t<div class=\"elementor-element elementor-element-9a80f0a elementor-widget-mobile__width-auto elementor-widget elementor-widget-button\" data-id=\"9a80f0a\" data-element_type=\"widget\" data-e-type=\"widget\" data-widget_type=\"button.default\">\n\t\t\t\t\t\t\t\t\t\t<a class=\"elementor-button elementor-button-link elementor-size-sm\" href=\"\/dashboard\/login\/\">\n\t\t\t\t\t\t<span class=\"elementor-button-content-wrapper\">\n\t\t\t\t\t\t\t\t\t<span class=\"elementor-button-text\">Conecte-se<\/span>\n\t\t\t\t\t<\/span>\n\t\t\t\t\t<\/a>\n\t\t\t\t\t\t\t\t<\/div>\n\t\t\t\t<\/div>\n\t\t\t\t<\/div>\n\t\t\t\t<\/div>\n\t\t","protected":false},"excerpt":{"rendered":"<p>Markouli &#8211; John Doe +31 123456789 +31 987654321 buffaloleathergr@hotmail.com Greece<\/p>\n","protected":false},"author":1,"featured_media":0,"parent":10712,"menu_order":0,"comment_status":"closed","ping_status":"closed","template":"elementor_header_footer","meta":{"_jf_save_progress":"","_jet_sm_ready_style":"","_jet_sm_style":"","_jet_sm_controls_values":"","_jet_sm_fonts_collection":"","_jet_sm_fonts_links":"","footnotes":""},"class_list":["post-120374","page","type-page","status-publish","hentry"],"_links":{"self":[{"href":"https:\/\/boekster.nl\/pt-pt\/wp-json\/wp\/v2\/pages\/120374","targetHints":{"allow":["GET"]}}],"collection":[{"href":"https:\/\/boekster.nl\/pt-pt\/wp-json\/wp\/v2\/pages"}],"about":[{"href":"https:\/\/boekster.nl\/pt-pt\/wp-json\/wp\/v2\/types\/page"}],"author":[{"embeddable":true,"href":"https:\/\/boekster.nl\/pt-pt\/wp-json\/wp\/v2\/users\/1"}],"replies":[{"embeddable":true,"href":"https:\/\/boekster.nl\/pt-pt\/wp-json\/wp\/v2\/comments?post=120374"}],"version-history":[{"count":0,"href":"https:\/\/boekster.nl\/pt-pt\/wp-json\/wp\/v2\/pages\/120374\/revisions"}],"up":[{"embeddable":true,"href":"https:\/\/boekster.nl\/pt-pt\/wp-json\/wp\/v2\/pages\/10712"}],"wp:attachment":[{"href":"https:\/\/boekster.nl\/pt-pt\/wp-json\/wp\/v2\/media?parent=120374"}],"curies":[{"name":"wp","href":"https:\/\/api.w.org\/{rel}","templated":true}]}}